{"id":830,"date":"2018-12-21T14:37:09","date_gmt":"2018-12-21T14:37:09","guid":{"rendered":"http:\/\/fojab.se\/?page_id=830"},"modified":"2018-12-21T14:37:09","modified_gmt":"2018-12-21T14:37:09","slug":"gdpr-newsletter","status":"publish","type":"page","link":"https:\/\/fojab.se\/en\/integrity\/gdpr-newsletter\/","title":{"rendered":"Information on the processing of personal data - Newsletter"},"content":{"rendered":"<p>Due to the fact that you subscribe to the newsletter from FOJAB arkitekter AB (\"FOJAB\"), FOJAB processes personal data about you and is thus responsible for the data.<\/p>\n<p>This information aims to inform you about how and why this personal data processing takes place. You can contact at any time\u00a0<a href=\"mailto:personuppgifter@fojab.se\">personuppgifter@fojab.se<\/a>\u00a0for more information on this.<\/p>\n<p>The data you have registered will be processed to send you newsletters by email. In the event that you have actively signed up as a subscriber to our newsletter, the basis for our processing of your data is that it is necessary for us to fulfill our part of the subscription agreement, i.e. send out newsletters to you. In the event that you receive our newsletters without actively signing up as a subscriber, we base our processing of your personal data on a balance of interests. The data will be processed by the communicator and webmaster at FOJAB.<\/p>\n<p>We will keep your personal data for the time necessary to fulfill our obligations under the subscription. You can notify us at any time that you no longer wish to receive our newsletter by emailing nyhetsbrev@fojab.se.<\/p>\n<p>You have the right to request from FOJAB access to personal data held about you and to have it rectified if it is inaccurate. Under certain conditions, you can request that personal data be deleted, that the processing of personal data be restricted and, under certain conditions, you have the right to object to processing. In some cases, you can request that certain data be transferred in machine-readable form to another data controller.<\/p>\n<p>If you feel that we are not processing your personal data correctly, you can file a complaint with the Swedish Data Protection Authority.<\/p>","protected":false},"excerpt":{"rendered":"<p>Med anledning av att du prenumererar p\u00e5 nyhetsbrev fr\u00e5n FOJAB arkitekter AB (\u201dFOJAB\u201d) behandlar FOJAB personuppgifter om dig och \u00e4r d\u00e4rmed personuppgiftsansvarig f\u00f6r uppgifterna. Den h\u00e4r informationen syftar till att informera dig om hur och varf\u00f6r denna personuppgiftsbehandling sker. Du kan n\u00e4r som helst kontakta\u00a0personuppgifter@fojab.se\u00a0f\u00f6r mer information om detta. De uppgifter du registrerat kommer att [&hellip;]<\/p>\n","protected":false},"author":1,"featured_media":0,"parent":820,"menu_order":17,"comment_status":"closed","ping_status":"closed","template":"","meta":{"_monsterinsights_skip_tracking":false,"_monsterinsights_sitenote_active":false,"_monsterinsights_sitenote_note":"","_monsterinsights_sitenote_category":0,"footnotes":""},"class_list":["post-830","page","type-page","status-publish","hentry"],"acf":[],"yoast_head":"<!-- This site is optimized with the Yoast SEO plugin v27.5 - https:\/\/yoast.com\/product\/yoast-seo-wordpress\/ -->\n<title>Information om behandling av personuppgifter \u2013 Nyhetsbrev | FOJAB<\/title>\n<meta name=\"robots\" content=\"index, follow, max-snippet:-1, max-image-preview:large, max-video-preview:-1\" \/>\n<link rel=\"canonical\" href=\"https:\/\/fojab.se\/en\/integrity\/gdpr-newsletter\/\" \/>\n<meta property=\"og:locale\" content=\"en_US\" \/>\n<meta property=\"og:type\" content=\"article\" \/>\n<meta property=\"og:title\" content=\"Information om behandling av personuppgifter \u2013 Nyhetsbrev | FOJAB\" \/>\n<meta property=\"og:description\" content=\"Med anledning av att du prenumererar p\u00e5 nyhetsbrev fr\u00e5n FOJAB arkitekter AB (\u201dFOJAB\u201d) behandlar FOJAB personuppgifter om dig och \u00e4r d\u00e4rmed personuppgiftsansvarig f\u00f6r uppgifterna. Den h\u00e4r informationen syftar till att informera dig om hur och varf\u00f6r denna personuppgiftsbehandling sker. Du kan n\u00e4r som helst kontakta\u00a0personuppgifter@fojab.se\u00a0f\u00f6r mer information om detta. De uppgifter du registrerat kommer att [&hellip;]\" \/>\n<meta property=\"og:url\" content=\"https:\/\/fojab.se\/en\/integrity\/gdpr-newsletter\/\" \/>\n<meta property=\"og:site_name\" content=\"FOJAB\" \/>\n<meta name=\"twitter:card\" content=\"summary_large_image\" \/>\n<meta name=\"twitter:label1\" content=\"Est. reading time\" \/>\n\t<meta name=\"twitter:data1\" content=\"2 minutes\" \/>\n<script type=\"application\/ld+json\" class=\"yoast-schema-graph\">{\"@context\":\"https:\\\/\\\/schema.org\",\"@graph\":[{\"@type\":\"WebPage\",\"@id\":\"https:\\\/\\\/fojab.se\\\/integritet\\\/gdpr-nyhetsbrev\\\/\",\"url\":\"https:\\\/\\\/fojab.se\\\/integritet\\\/gdpr-nyhetsbrev\\\/\",\"name\":\"Information om behandling av personuppgifter \u2013 Nyhetsbrev | FOJAB\",\"isPartOf\":{\"@id\":\"https:\\\/\\\/fojab.se\\\/#website\"},\"datePublished\":\"2018-12-21T14:37:09+00:00\",\"breadcrumb\":{\"@id\":\"https:\\\/\\\/fojab.se\\\/integritet\\\/gdpr-nyhetsbrev\\\/#breadcrumb\"},\"inLanguage\":\"en-US\",\"potentialAction\":[{\"@type\":\"ReadAction\",\"target\":[\"https:\\\/\\\/fojab.se\\\/integritet\\\/gdpr-nyhetsbrev\\\/\"]}]},{\"@type\":\"BreadcrumbList\",\"@id\":\"https:\\\/\\\/fojab.se\\\/integritet\\\/gdpr-nyhetsbrev\\\/#breadcrumb\",\"itemListElement\":[{\"@type\":\"ListItem\",\"position\":1,\"name\":\"Hem\",\"item\":\"https:\\\/\\\/fojab.se\\\/\"},{\"@type\":\"ListItem\",\"position\":2,\"name\":\"Integritet\",\"item\":\"https:\\\/\\\/fojab.se\\\/integritet\\\/\"},{\"@type\":\"ListItem\",\"position\":3,\"name\":\"Information om behandling av personuppgifter \u2013 Nyhetsbrev\"}]},{\"@type\":\"WebSite\",\"@id\":\"https:\\\/\\\/fojab.se\\\/#website\",\"url\":\"https:\\\/\\\/fojab.se\\\/\",\"name\":\"FOJAB\",\"description\":\"\",\"potentialAction\":[{\"@type\":\"SearchAction\",\"target\":{\"@type\":\"EntryPoint\",\"urlTemplate\":\"https:\\\/\\\/fojab.se\\\/?s={search_term_string}\"},\"query-input\":{\"@type\":\"PropertyValueSpecification\",\"valueRequired\":true,\"valueName\":\"search_term_string\"}}],\"inLanguage\":\"en-US\"}]}<\/script>\n<!-- \/ Yoast SEO plugin. -->","yoast_head_json":{"title":"Information on the processing of personal data - Newsletter | FOJAB","robots":{"index":"index","follow":"follow","max-snippet":"max-snippet:-1","max-image-preview":"max-image-preview:large","max-video-preview":"max-video-preview:-1"},"canonical":"https:\/\/fojab.se\/en\/integrity\/gdpr-newsletter\/","og_locale":"en_US","og_type":"article","og_title":"Information om behandling av personuppgifter \u2013 Nyhetsbrev | FOJAB","og_description":"Med anledning av att du prenumererar p\u00e5 nyhetsbrev fr\u00e5n FOJAB arkitekter AB (\u201dFOJAB\u201d) behandlar FOJAB personuppgifter om dig och \u00e4r d\u00e4rmed personuppgiftsansvarig f\u00f6r uppgifterna. Den h\u00e4r informationen syftar till att informera dig om hur och varf\u00f6r denna personuppgiftsbehandling sker. Du kan n\u00e4r som helst kontakta\u00a0personuppgifter@fojab.se\u00a0f\u00f6r mer information om detta. De uppgifter du registrerat kommer att [&hellip;]","og_url":"https:\/\/fojab.se\/en\/integrity\/gdpr-newsletter\/","og_site_name":"FOJAB","twitter_card":"summary_large_image","twitter_misc":{"Est. reading time":"2 minutes"},"schema":{"@context":"https:\/\/schema.org","@graph":[{"@type":"WebPage","@id":"https:\/\/fojab.se\/integritet\/gdpr-nyhetsbrev\/","url":"https:\/\/fojab.se\/integritet\/gdpr-nyhetsbrev\/","name":"Information on the processing of personal data - Newsletter | FOJAB","isPartOf":{"@id":"https:\/\/fojab.se\/#website"},"datePublished":"2018-12-21T14:37:09+00:00","breadcrumb":{"@id":"https:\/\/fojab.se\/integritet\/gdpr-nyhetsbrev\/#breadcrumb"},"inLanguage":"en-US","potentialAction":[{"@type":"ReadAction","target":["https:\/\/fojab.se\/integritet\/gdpr-nyhetsbrev\/"]}]},{"@type":"BreadcrumbList","@id":"https:\/\/fojab.se\/integritet\/gdpr-nyhetsbrev\/#breadcrumb","itemListElement":[{"@type":"ListItem","position":1,"name":"Hem","item":"https:\/\/fojab.se\/"},{"@type":"ListItem","position":2,"name":"Integritet","item":"https:\/\/fojab.se\/integritet\/"},{"@type":"ListItem","position":3,"name":"Information om behandling av personuppgifter \u2013 Nyhetsbrev"}]},{"@type":"WebSite","@id":"https:\/\/fojab.se\/#website","url":"https:\/\/fojab.se\/","name":"FOJAB","description":"","potentialAction":[{"@type":"SearchAction","target":{"@type":"EntryPoint","urlTemplate":"https:\/\/fojab.se\/?s={search_term_string}"},"query-input":{"@type":"PropertyValueSpecification","valueRequired":true,"valueName":"search_term_string"}}],"inLanguage":"en-US"}]}},"_links":{"self":[{"href":"https:\/\/fojab.se\/en\/wp-json\/wp\/v2\/pages\/830","targetHints":{"allow":["GET"]}}],"collection":[{"href":"https:\/\/fojab.se\/en\/wp-json\/wp\/v2\/pages"}],"about":[{"href":"https:\/\/fojab.se\/en\/wp-json\/wp\/v2\/types\/page"}],"author":[{"embeddable":true,"href":"https:\/\/fojab.se\/en\/wp-json\/wp\/v2\/users\/1"}],"replies":[{"embeddable":true,"href":"https:\/\/fojab.se\/en\/wp-json\/wp\/v2\/comments?post=830"}],"version-history":[{"count":1,"href":"https:\/\/fojab.se\/en\/wp-json\/wp\/v2\/pages\/830\/revisions"}],"predecessor-version":[{"id":831,"href":"https:\/\/fojab.se\/en\/wp-json\/wp\/v2\/pages\/830\/revisions\/831"}],"up":[{"embeddable":true,"href":"https:\/\/fojab.se\/en\/wp-json\/wp\/v2\/pages\/820"}],"wp:attachment":[{"href":"https:\/\/fojab.se\/en\/wp-json\/wp\/v2\/media?parent=830"}],"curies":[{"name":"wp","href":"https:\/\/api.w.org\/{rel}","templated":true}]}}