{"id":827,"date":"2018-12-21T14:35:40","date_gmt":"2018-12-21T14:35:40","guid":{"rendered":"http:\/\/fojab.se\/?page_id=827"},"modified":"2018-12-21T14:35:59","modified_gmt":"2018-12-21T14:35:59","slug":"gmp-suppliers","status":"publish","type":"page","link":"https:\/\/fojab.se\/en\/integrity\/gmp-suppliers\/","title":{"rendered":"Information on the processing of personal data - Supplier contacts"},"content":{"rendered":"<p>In connection with the conclusion of a contract for the provision of goods or services to FOJAB arkitekter AB, your contact information is transferred to FOJAB, FOJAB will process personal data about you and is thus responsible for the data.<\/p>\n<p>We will process personal data about you in order to contact the Supplier and otherwise fulfill our obligations under the agreement with the Supplier.<\/p>\n<p>We base this processing on a balance of interests. The personal data processed is contact information such as name, email address and telephone number. The data is processed by relevant individuals within our purchasing organization but also to the extent that our contacts relate to invoicing or similar by individuals in our finance department. You can contact\u00a0<a href=\"mailto:personuppgifter@fojab.se\">personuppgifter@fojab.se<\/a>\u00a0if you have any questions about the treatment.<\/p>\n<p>Personal data that may appear about you in emails, web traffic, saved documents, etc. will necessarily be processed automatically in our IT systems.<\/p>\n<p>We will keep your personal data for the duration of your role as the Supplier's contact person with us.<\/p>\n<p>You have the right to request from FOJAB access to personal data held about you and to have it rectified if it is inaccurate. Under certain conditions, you can request that personal data be erased, that the processing of personal data be restricted and, under certain conditions, you have the right to object to processing. In some cases, you can request that certain data be transferred in machine-readable form to another controller.<\/p>\n<p>If you feel that we are not processing your personal data correctly, you can file a complaint with the Swedish Data Protection Authority.<\/p>","protected":false},"excerpt":{"rendered":"<p>I samband med ing\u00e5ende av avtal om tillhandah\u00e5llande om varor eller tj\u00e4nster till FOJAB arkitekter AB sker \u00f6verl\u00e4mning av dina kontaktuppgifter till FOJAB kommer FOJAB att behandla personuppgifter om dig och \u00e4r d\u00e4rmed personuppgiftsansvarig f\u00f6r uppgifterna. Vi kommer att behandla personuppgifter om dig f\u00f6r att kunna komma i kontakt med Leverant\u00f6ren och i \u00f6vrigt uppfylla [&hellip;]<\/p>\n","protected":false},"author":1,"featured_media":0,"parent":820,"menu_order":18,"comment_status":"closed","ping_status":"closed","template":"","meta":{"_monsterinsights_skip_tracking":false,"_monsterinsights_sitenote_active":false,"_monsterinsights_sitenote_note":"","_monsterinsights_sitenote_category":0,"footnotes":""},"class_list":["post-827","page","type-page","status-publish","hentry"],"acf":[],"yoast_head":"<!-- This site is optimized with the Yoast SEO plugin v27.5 - https:\/\/yoast.com\/product\/yoast-seo-wordpress\/ -->\n<title>Information om behandling av personuppgifter \u2013 Kontaktpersoner leverant\u00f6rer | FOJAB<\/title>\n<meta name=\"robots\" content=\"index, follow, max-snippet:-1, max-image-preview:large, max-video-preview:-1\" \/>\n<link rel=\"canonical\" href=\"https:\/\/fojab.se\/en\/integrity\/gmp-suppliers\/\" \/>\n<meta property=\"og:locale\" content=\"en_US\" \/>\n<meta property=\"og:type\" content=\"article\" \/>\n<meta property=\"og:title\" content=\"Information om behandling av personuppgifter \u2013 Kontaktpersoner leverant\u00f6rer | FOJAB\" \/>\n<meta property=\"og:description\" content=\"I samband med ing\u00e5ende av avtal om tillhandah\u00e5llande om varor eller tj\u00e4nster till FOJAB arkitekter AB sker \u00f6verl\u00e4mning av dina kontaktuppgifter till FOJAB kommer FOJAB att behandla personuppgifter om dig och \u00e4r d\u00e4rmed personuppgiftsansvarig f\u00f6r uppgifterna. Vi kommer att behandla personuppgifter om dig f\u00f6r att kunna komma i kontakt med Leverant\u00f6ren och i \u00f6vrigt uppfylla [&hellip;]\" \/>\n<meta property=\"og:url\" content=\"https:\/\/fojab.se\/en\/integrity\/gmp-suppliers\/\" \/>\n<meta property=\"og:site_name\" content=\"FOJAB\" \/>\n<meta property=\"article:modified_time\" content=\"2018-12-21T14:35:59+00:00\" \/>\n<meta name=\"twitter:card\" content=\"summary_large_image\" \/>\n<meta name=\"twitter:label1\" content=\"Est. reading time\" \/>\n\t<meta name=\"twitter:data1\" content=\"1 minute\" \/>\n<script type=\"application\/ld+json\" class=\"yoast-schema-graph\">{\"@context\":\"https:\\\/\\\/schema.org\",\"@graph\":[{\"@type\":\"WebPage\",\"@id\":\"https:\\\/\\\/fojab.se\\\/integritet\\\/gdpr-leverantorer\\\/\",\"url\":\"https:\\\/\\\/fojab.se\\\/integritet\\\/gdpr-leverantorer\\\/\",\"name\":\"Information om behandling av personuppgifter \u2013 Kontaktpersoner leverant\u00f6rer | FOJAB\",\"isPartOf\":{\"@id\":\"https:\\\/\\\/fojab.se\\\/#website\"},\"datePublished\":\"2018-12-21T14:35:40+00:00\",\"dateModified\":\"2018-12-21T14:35:59+00:00\",\"breadcrumb\":{\"@id\":\"https:\\\/\\\/fojab.se\\\/integritet\\\/gdpr-leverantorer\\\/#breadcrumb\"},\"inLanguage\":\"en-US\",\"potentialAction\":[{\"@type\":\"ReadAction\",\"target\":[\"https:\\\/\\\/fojab.se\\\/integritet\\\/gdpr-leverantorer\\\/\"]}]},{\"@type\":\"BreadcrumbList\",\"@id\":\"https:\\\/\\\/fojab.se\\\/integritet\\\/gdpr-leverantorer\\\/#breadcrumb\",\"itemListElement\":[{\"@type\":\"ListItem\",\"position\":1,\"name\":\"Hem\",\"item\":\"https:\\\/\\\/fojab.se\\\/\"},{\"@type\":\"ListItem\",\"position\":2,\"name\":\"Integritet\",\"item\":\"https:\\\/\\\/fojab.se\\\/integritet\\\/\"},{\"@type\":\"ListItem\",\"position\":3,\"name\":\"Information om behandling av personuppgifter \u2013 Kontaktpersoner leverant\u00f6rer\"}]},{\"@type\":\"WebSite\",\"@id\":\"https:\\\/\\\/fojab.se\\\/#website\",\"url\":\"https:\\\/\\\/fojab.se\\\/\",\"name\":\"FOJAB\",\"description\":\"\",\"potentialAction\":[{\"@type\":\"SearchAction\",\"target\":{\"@type\":\"EntryPoint\",\"urlTemplate\":\"https:\\\/\\\/fojab.se\\\/?s={search_term_string}\"},\"query-input\":{\"@type\":\"PropertyValueSpecification\",\"valueRequired\":true,\"valueName\":\"search_term_string\"}}],\"inLanguage\":\"en-US\"}]}<\/script>\n<!-- \/ Yoast SEO plugin. -->","yoast_head_json":{"title":"Information on the processing of personal data - Supplier contacts | FOJAB","robots":{"index":"index","follow":"follow","max-snippet":"max-snippet:-1","max-image-preview":"max-image-preview:large","max-video-preview":"max-video-preview:-1"},"canonical":"https:\/\/fojab.se\/en\/integrity\/gmp-suppliers\/","og_locale":"en_US","og_type":"article","og_title":"Information om behandling av personuppgifter \u2013 Kontaktpersoner leverant\u00f6rer | FOJAB","og_description":"I samband med ing\u00e5ende av avtal om tillhandah\u00e5llande om varor eller tj\u00e4nster till FOJAB arkitekter AB sker \u00f6verl\u00e4mning av dina kontaktuppgifter till FOJAB kommer FOJAB att behandla personuppgifter om dig och \u00e4r d\u00e4rmed personuppgiftsansvarig f\u00f6r uppgifterna. Vi kommer att behandla personuppgifter om dig f\u00f6r att kunna komma i kontakt med Leverant\u00f6ren och i \u00f6vrigt uppfylla [&hellip;]","og_url":"https:\/\/fojab.se\/en\/integrity\/gmp-suppliers\/","og_site_name":"FOJAB","article_modified_time":"2018-12-21T14:35:59+00:00","twitter_card":"summary_large_image","twitter_misc":{"Est. reading time":"1 minute"},"schema":{"@context":"https:\/\/schema.org","@graph":[{"@type":"WebPage","@id":"https:\/\/fojab.se\/integritet\/gdpr-leverantorer\/","url":"https:\/\/fojab.se\/integritet\/gdpr-leverantorer\/","name":"Information on the processing of personal data - Supplier contacts | FOJAB","isPartOf":{"@id":"https:\/\/fojab.se\/#website"},"datePublished":"2018-12-21T14:35:40+00:00","dateModified":"2018-12-21T14:35:59+00:00","breadcrumb":{"@id":"https:\/\/fojab.se\/integritet\/gdpr-leverantorer\/#breadcrumb"},"inLanguage":"en-US","potentialAction":[{"@type":"ReadAction","target":["https:\/\/fojab.se\/integritet\/gdpr-leverantorer\/"]}]},{"@type":"BreadcrumbList","@id":"https:\/\/fojab.se\/integritet\/gdpr-leverantorer\/#breadcrumb","itemListElement":[{"@type":"ListItem","position":1,"name":"Hem","item":"https:\/\/fojab.se\/"},{"@type":"ListItem","position":2,"name":"Integritet","item":"https:\/\/fojab.se\/integritet\/"},{"@type":"ListItem","position":3,"name":"Information om behandling av personuppgifter \u2013 Kontaktpersoner leverant\u00f6rer"}]},{"@type":"WebSite","@id":"https:\/\/fojab.se\/#website","url":"https:\/\/fojab.se\/","name":"FOJAB","description":"","potentialAction":[{"@type":"SearchAction","target":{"@type":"EntryPoint","urlTemplate":"https:\/\/fojab.se\/?s={search_term_string}"},"query-input":{"@type":"PropertyValueSpecification","valueRequired":true,"valueName":"search_term_string"}}],"inLanguage":"en-US"}]}},"_links":{"self":[{"href":"https:\/\/fojab.se\/en\/wp-json\/wp\/v2\/pages\/827","targetHints":{"allow":["GET"]}}],"collection":[{"href":"https:\/\/fojab.se\/en\/wp-json\/wp\/v2\/pages"}],"about":[{"href":"https:\/\/fojab.se\/en\/wp-json\/wp\/v2\/types\/page"}],"author":[{"embeddable":true,"href":"https:\/\/fojab.se\/en\/wp-json\/wp\/v2\/users\/1"}],"replies":[{"embeddable":true,"href":"https:\/\/fojab.se\/en\/wp-json\/wp\/v2\/comments?post=827"}],"version-history":[{"count":2,"href":"https:\/\/fojab.se\/en\/wp-json\/wp\/v2\/pages\/827\/revisions"}],"predecessor-version":[{"id":829,"href":"https:\/\/fojab.se\/en\/wp-json\/wp\/v2\/pages\/827\/revisions\/829"}],"up":[{"embeddable":true,"href":"https:\/\/fojab.se\/en\/wp-json\/wp\/v2\/pages\/820"}],"wp:attachment":[{"href":"https:\/\/fojab.se\/en\/wp-json\/wp\/v2\/media?parent=827"}],"curies":[{"name":"wp","href":"https:\/\/api.w.org\/{rel}","templated":true}]}}