{"id":824,"date":"2018-12-21T14:34:21","date_gmt":"2018-12-21T14:34:21","guid":{"rendered":"http:\/\/fojab.se\/?page_id=824"},"modified":"2018-12-21T14:34:35","modified_gmt":"2018-12-21T14:34:35","slug":"gdpr-applications","status":"publish","type":"page","link":"https:\/\/fojab.se\/en\/integrity\/gdpr-applications\/","title":{"rendered":"Information on the processing of personal data - Job seekers"},"content":{"rendered":"<p>When you submit an application to FOJAB arkitekter AB, we will process personal data about you and are therefore responsible for the data. We will process personal data about you in order to assess your qualifications and to be able to contact you.<\/p>\n<p>The personal data processed are name, social security number, e-mail address, telephone number and other information you have included in your application (such as grades, information about previous employment, etc.). The data are processed by our HR department and other relevant employees of FOJAB involved in the recruitment process. You can contact\u00a0<a href=\"mailto:personuppgifter@fojab.se\">personuppgifter@fojab.se<\/a>\u00a0if you have any questions about the treatment.<\/p>\n<p>In case your application concerns an ongoing recruitment process, we will keep your personal data for the duration of the process and 6 months thereafter. In the event that you have submitted an application to us that does not relate to an ongoing employment process, we will store the data for 6 months.<\/p>\n<p>You have the right to request from FOJAB access to personal data stored about you and to have it rectified if it is inaccurate. Under certain conditions, you can request that personal data be erased, that the processing of personal data be restricted and, under certain conditions, you have the right to object to processing.<\/p>\n<p>If you feel that we are not processing your personal data correctly, you can file a complaint with the Swedish Data Protection Authority.<\/p>","protected":false},"excerpt":{"rendered":"<p>N\u00e4r du skickar in en ans\u00f6kan till FOJAB arkitekter AB kommer vi att behandla personuppgifter om dig och \u00e4r d\u00e4rmed personuppgiftsansvarig f\u00f6r uppgifterna. Vi kommer att behandla personuppgifter om dig f\u00f6r att kunna bed\u00f6ma dina kvalifikationer och f\u00f6r att kunna kontakta dig. De personuppgifter som behandlas \u00e4r namn, personnummer, e-postadress, telefonnummer och andra uppgifter som [&hellip;]<\/p>\n","protected":false},"author":1,"featured_media":0,"parent":820,"menu_order":19,"comment_status":"closed","ping_status":"closed","template":"","meta":{"_monsterinsights_skip_tracking":false,"_monsterinsights_sitenote_active":false,"_monsterinsights_sitenote_note":"","_monsterinsights_sitenote_category":0,"footnotes":""},"class_list":["post-824","page","type-page","status-publish","hentry"],"acf":[],"yoast_head":"<!-- This site is optimized with the Yoast SEO plugin v27.5 - https:\/\/yoast.com\/product\/yoast-seo-wordpress\/ -->\n<title>Information om behandling av personuppgifter \u2013 Jobbs\u00f6kande | FOJAB<\/title>\n<meta name=\"robots\" content=\"index, follow, max-snippet:-1, max-image-preview:large, max-video-preview:-1\" \/>\n<link rel=\"canonical\" href=\"https:\/\/fojab.se\/en\/integrity\/gdpr-applications\/\" \/>\n<meta property=\"og:locale\" content=\"en_US\" \/>\n<meta property=\"og:type\" content=\"article\" \/>\n<meta property=\"og:title\" content=\"Information om behandling av personuppgifter \u2013 Jobbs\u00f6kande | FOJAB\" \/>\n<meta property=\"og:description\" content=\"N\u00e4r du skickar in en ans\u00f6kan till FOJAB arkitekter AB kommer vi att behandla personuppgifter om dig och \u00e4r d\u00e4rmed personuppgiftsansvarig f\u00f6r uppgifterna. Vi kommer att behandla personuppgifter om dig f\u00f6r att kunna bed\u00f6ma dina kvalifikationer och f\u00f6r att kunna kontakta dig. De personuppgifter som behandlas \u00e4r namn, personnummer, e-postadress, telefonnummer och andra uppgifter som [&hellip;]\" \/>\n<meta property=\"og:url\" content=\"https:\/\/fojab.se\/en\/integrity\/gdpr-applications\/\" \/>\n<meta property=\"og:site_name\" content=\"FOJAB\" \/>\n<meta property=\"article:modified_time\" content=\"2018-12-21T14:34:35+00:00\" \/>\n<meta name=\"twitter:card\" content=\"summary_large_image\" \/>\n<meta name=\"twitter:label1\" content=\"Est. reading time\" \/>\n\t<meta name=\"twitter:data1\" content=\"1 minute\" \/>\n<script type=\"application\/ld+json\" class=\"yoast-schema-graph\">{\"@context\":\"https:\\\/\\\/schema.org\",\"@graph\":[{\"@type\":\"WebPage\",\"@id\":\"https:\\\/\\\/fojab.se\\\/integritet\\\/gdpr-ansokningar\\\/\",\"url\":\"https:\\\/\\\/fojab.se\\\/integritet\\\/gdpr-ansokningar\\\/\",\"name\":\"Information om behandling av personuppgifter \u2013 Jobbs\u00f6kande | FOJAB\",\"isPartOf\":{\"@id\":\"https:\\\/\\\/fojab.se\\\/#website\"},\"datePublished\":\"2018-12-21T14:34:21+00:00\",\"dateModified\":\"2018-12-21T14:34:35+00:00\",\"breadcrumb\":{\"@id\":\"https:\\\/\\\/fojab.se\\\/integritet\\\/gdpr-ansokningar\\\/#breadcrumb\"},\"inLanguage\":\"en-US\",\"potentialAction\":[{\"@type\":\"ReadAction\",\"target\":[\"https:\\\/\\\/fojab.se\\\/integritet\\\/gdpr-ansokningar\\\/\"]}]},{\"@type\":\"BreadcrumbList\",\"@id\":\"https:\\\/\\\/fojab.se\\\/integritet\\\/gdpr-ansokningar\\\/#breadcrumb\",\"itemListElement\":[{\"@type\":\"ListItem\",\"position\":1,\"name\":\"Hem\",\"item\":\"https:\\\/\\\/fojab.se\\\/\"},{\"@type\":\"ListItem\",\"position\":2,\"name\":\"Integritet\",\"item\":\"https:\\\/\\\/fojab.se\\\/integritet\\\/\"},{\"@type\":\"ListItem\",\"position\":3,\"name\":\"Information om behandling av personuppgifter \u2013 Jobbs\u00f6kande\"}]},{\"@type\":\"WebSite\",\"@id\":\"https:\\\/\\\/fojab.se\\\/#website\",\"url\":\"https:\\\/\\\/fojab.se\\\/\",\"name\":\"FOJAB\",\"description\":\"\",\"potentialAction\":[{\"@type\":\"SearchAction\",\"target\":{\"@type\":\"EntryPoint\",\"urlTemplate\":\"https:\\\/\\\/fojab.se\\\/?s={search_term_string}\"},\"query-input\":{\"@type\":\"PropertyValueSpecification\",\"valueRequired\":true,\"valueName\":\"search_term_string\"}}],\"inLanguage\":\"en-US\"}]}<\/script>\n<!-- \/ Yoast SEO plugin. -->","yoast_head_json":{"title":"Information on the processing of personal data - Job Search | FOJAB","robots":{"index":"index","follow":"follow","max-snippet":"max-snippet:-1","max-image-preview":"max-image-preview:large","max-video-preview":"max-video-preview:-1"},"canonical":"https:\/\/fojab.se\/en\/integrity\/gdpr-applications\/","og_locale":"en_US","og_type":"article","og_title":"Information om behandling av personuppgifter \u2013 Jobbs\u00f6kande | FOJAB","og_description":"N\u00e4r du skickar in en ans\u00f6kan till FOJAB arkitekter AB kommer vi att behandla personuppgifter om dig och \u00e4r d\u00e4rmed personuppgiftsansvarig f\u00f6r uppgifterna. Vi kommer att behandla personuppgifter om dig f\u00f6r att kunna bed\u00f6ma dina kvalifikationer och f\u00f6r att kunna kontakta dig. De personuppgifter som behandlas \u00e4r namn, personnummer, e-postadress, telefonnummer och andra uppgifter som [&hellip;]","og_url":"https:\/\/fojab.se\/en\/integrity\/gdpr-applications\/","og_site_name":"FOJAB","article_modified_time":"2018-12-21T14:34:35+00:00","twitter_card":"summary_large_image","twitter_misc":{"Est. reading time":"1 minute"},"schema":{"@context":"https:\/\/schema.org","@graph":[{"@type":"WebPage","@id":"https:\/\/fojab.se\/integritet\/gdpr-ansokningar\/","url":"https:\/\/fojab.se\/integritet\/gdpr-ansokningar\/","name":"Information on the processing of personal data - Job Search | FOJAB","isPartOf":{"@id":"https:\/\/fojab.se\/#website"},"datePublished":"2018-12-21T14:34:21+00:00","dateModified":"2018-12-21T14:34:35+00:00","breadcrumb":{"@id":"https:\/\/fojab.se\/integritet\/gdpr-ansokningar\/#breadcrumb"},"inLanguage":"en-US","potentialAction":[{"@type":"ReadAction","target":["https:\/\/fojab.se\/integritet\/gdpr-ansokningar\/"]}]},{"@type":"BreadcrumbList","@id":"https:\/\/fojab.se\/integritet\/gdpr-ansokningar\/#breadcrumb","itemListElement":[{"@type":"ListItem","position":1,"name":"Hem","item":"https:\/\/fojab.se\/"},{"@type":"ListItem","position":2,"name":"Integritet","item":"https:\/\/fojab.se\/integritet\/"},{"@type":"ListItem","position":3,"name":"Information om behandling av personuppgifter \u2013 Jobbs\u00f6kande"}]},{"@type":"WebSite","@id":"https:\/\/fojab.se\/#website","url":"https:\/\/fojab.se\/","name":"FOJAB","description":"","potentialAction":[{"@type":"SearchAction","target":{"@type":"EntryPoint","urlTemplate":"https:\/\/fojab.se\/?s={search_term_string}"},"query-input":{"@type":"PropertyValueSpecification","valueRequired":true,"valueName":"search_term_string"}}],"inLanguage":"en-US"}]}},"_links":{"self":[{"href":"https:\/\/fojab.se\/en\/wp-json\/wp\/v2\/pages\/824","targetHints":{"allow":["GET"]}}],"collection":[{"href":"https:\/\/fojab.se\/en\/wp-json\/wp\/v2\/pages"}],"about":[{"href":"https:\/\/fojab.se\/en\/wp-json\/wp\/v2\/types\/page"}],"author":[{"embeddable":true,"href":"https:\/\/fojab.se\/en\/wp-json\/wp\/v2\/users\/1"}],"replies":[{"embeddable":true,"href":"https:\/\/fojab.se\/en\/wp-json\/wp\/v2\/comments?post=824"}],"version-history":[{"count":2,"href":"https:\/\/fojab.se\/en\/wp-json\/wp\/v2\/pages\/824\/revisions"}],"predecessor-version":[{"id":826,"href":"https:\/\/fojab.se\/en\/wp-json\/wp\/v2\/pages\/824\/revisions\/826"}],"up":[{"embeddable":true,"href":"https:\/\/fojab.se\/en\/wp-json\/wp\/v2\/pages\/820"}],"wp:attachment":[{"href":"https:\/\/fojab.se\/en\/wp-json\/wp\/v2\/media?parent=824"}],"curies":[{"name":"wp","href":"https:\/\/api.w.org\/{rel}","templated":true}]}}