{"id":5645,"date":"2020-09-18T11:30:27","date_gmt":"2020-09-18T09:30:27","guid":{"rendered":"https:\/\/fojab.se\/?page_id=5645"},"modified":"2026-03-03T11:06:25","modified_gmt":"2026-03-03T10:06:25","slug":"selected-exceptions","status":"publish","type":"page","link":"https:\/\/fojab.se\/en\/about-us2\/selected-exceptions\/","title":{"rendered":"Awards and competition wins"},"content":{"rendered":"<p><strong>2025 Filmhuset Kino<\/strong><br \/>\nLund urban development award<\/p>\n<p><strong>2025 Brf Mariatorget<\/strong><br \/>\nHelsingborg Urban Development Award<\/p>\n<p><strong>2025 Vyn - hotel, restaurant and food bar<\/strong><br \/>\nSimrishamn architecture award<\/p>\n<p><strong>2025 Model 4.Year Building category Housing<\/strong><br \/>\n\u00c5rets Bygge kategori Bostad<\/p>\n<p><strong>2024 G\u00f6ta Court of Appeal and Administrative Court of Appeal<\/strong><br \/>\nJ\u00f6nk\u00f6ping Urban Design Award and Good Architecture Award<\/p>\n<p><strong>2024 M\u00f6rrum school<\/strong><br \/>\nKarlshamn town planning award<\/p>\n<p><strong>2024 Kv 8 Nobelberget<\/strong><br \/>\nNacka municipality's urban development award<\/p>\n<p><strong>2024 Hyllie\u00e4ng, Malm\u00f6<\/strong><br \/>\nFinalist for the Malm\u00f6 Urban Design Award<\/p>\n<p><strong>2023 Kv St Mikael, Lund<\/strong><br \/>\nLund urban development award<\/p>\n<p><strong>2023 Studenternas, Uppsala<\/strong><br \/>\nSports arena of the year<\/p>\n<p><strong>2023 Gr\u00e4nden, Lund<\/strong><br \/>\nFinalist for the CBA Housing Award<\/p>\n<p><strong>2023 Hofs Parks preschool, V\u00e4xj\u00f6<\/strong><br \/>\nNominated for the Wood Prize<\/p>\n<p><strong>2023 Keldur, Iceland<\/strong><br \/>\nVictory in open competition<\/p>\n<p><strong>2023 Gr\u00e4nden, Lund<\/strong><br \/>\nThe best new construction project in the public sector<\/p>\n<p><strong>2023 Trik\u00e5fabriken, Malm\u00f6<\/strong><br \/>\nFinalist in Building of the Year<\/p>\n<p><strong>2022 Teaterparken, Landskrona<\/strong><br \/>\nHonorable mention<\/p>\n<p><strong>2022 Solkvarteret Mobility House, Malm\u00f6<\/strong><br \/>\nSk\u00e5ne Solar Award<\/p>\n<p><strong>2022 Kronprinsen, Malm\u00f6<\/strong><br \/>\nFacade of the year category renovation<\/p>\n<p><strong>2022 Stadskvarter, Pottholmen Karlskrona, Sweden<\/strong><br \/>\nWinning entry in the land allocation competition together with Riksbyggen and Odalen.<\/p>\n<p><strong>2022 V\u00e4nersborg District Court<\/strong><br \/>\nWinning entry together with Hems\u00f6<\/p>\n<p><strong>2022 Social housing, Vallentuna<\/strong><br \/>\nWinning a land allocation competition<\/p>\n<p><strong>2022 Uller\u00e5ker, Uppsala<\/strong><br \/>\nDouble win in land allocation competition for two blocks<\/p>\n<p><strong>2022 Masthusen, Malm\u00f6<\/strong><br \/>\nWinning entry in parallel mission<\/p>\n<p><strong>2021 J\u00e4gersro, Malm\u00f6<\/strong><br \/>\nWinning entry in parallel mission<\/p>\n<p><strong>2021 Barkarbystaden, J\u00e4rf\u00e4lla<\/strong><br \/>\nWinning entry in parallel mission<\/p>\n<p><strong>2021 Mellbystrand city center<\/strong><br \/>\nWinning entry in land allocation competition together with Hamiltone Fastigheter AB<\/p>\n<p><strong>2021 P-house Dockan, V\u00e4ster\u00e5s<\/strong><br \/>\nFinalist for the Sheet Metal Prize<\/p>\n<p><strong>2021 Argus Culture and Knowledge Center, Falkenberg, Sweden<\/strong><br \/>\nSwedish Architects Halland Prize<\/p>\n<p><strong>2021 Axis, Lund<\/strong><br \/>\nSweden's most beautiful office<\/p>\n<p><strong>2021 Axis, Lund<\/strong><br \/>\nLund municipality's urban development award<\/p>\n<p><strong>2020 Kv \u00d6ljetten, J\u00f6nk\u00f6ping<\/strong><br \/>\nWinning entry in land allocation competition together with Peab<\/p>\n<p><strong>2020 Foaj\u00e9n, Malm\u00f6<br \/>\n<\/strong>Sweden Green Building Award, BREEAM building of the year 2020<br \/>\nNominated for Gr\u00f6na Lansen, Malm\u00f6, Sweden<br \/>\n<strong><br \/>\n2020 Grand Hotel, Lund<br \/>\n<\/strong>Lund municipality's urban development award<br \/>\n<strong><br \/>\n2020 Kv. Hanna, Burl\u00f6v<br \/>\n<\/strong>Winning entry in land allocation competition together with Trianon<br \/>\n<strong><br \/>\n2020 Masthuggskajen, Gothenburg<br \/>\n<\/strong>Winning entry in parallel mission<br \/>\n<strong><br \/>\n2019 Gjuteriet 21, Malm\u00f6<br \/>\n<\/strong>Gr\u00f6na lansen, Malm\u00f6<br \/>\n<strong><br \/>\n2019 Dungen, Malm\u00f6<br \/>\n<\/strong>Malm\u00f6 Urban Design Award<br \/>\n<strong><br \/>\n2019 Lund District Court, Lund<br \/>\n<\/strong>Winners of the Sheet Metal Prize<br \/>\n<strong><br \/>\n2019 Trummens strand, V\u00e4xj\u00f6<br \/>\n<\/strong>V\u00e4xj\u00f6 municipality's wooden building award<br \/>\n<strong><br \/>\n2018 Kv. H\u00f6nsfodret, Stockholm<br \/>\n<\/strong>Winning entry in parallel mission<br \/>\n<strong><br \/>\n2018 Lund District Court, Lund<br \/>\n<\/strong>Lund urban development award<br \/>\n<strong><br \/>\n2018 M\u00e4sshaken 1, Helsingborg<br \/>\n<\/strong>Winning the land allocation competition, \u00c5storps Byggnads AB<br \/>\n<strong><br \/>\n2017 G\u00f6ta Hovr\u00e4tt and Kammarr\u00e4tten, J\u00f6nk\u00f6ping, Sweden<br \/>\n<\/strong>Winning entry in parallel mission<br \/>\n<strong><br \/>\n2017 Kopparg\u00e5rden, Landskrona<br \/>\n<\/strong>Winning entry in parallel mission<br \/>\n<strong><br \/>\n2017 Rosendal, phase 3, Uppsala<br \/>\n<\/strong>Winning entry in land allocation competition together with Bonava<br \/>\n<strong><br \/>\n2017 Saftstationen, \u00c4ngelholm<br \/>\n<\/strong>Winning entries in project competition<br \/>\n<strong><br \/>\n2016 Hornsberg kv. 1, Stockholm<br \/>\n<\/strong>Winning entry in parallel mission<br \/>\n<strong><br \/>\n2016 Kranen 10, Malm\u00f6<br \/>\n<\/strong>Winning entry in parallel mission<br \/>\n<strong><br \/>\n2016 MAX IV, Lund<br \/>\n<\/strong>Sk\u00e5ne Architecture Prize<br \/>\n<strong><br \/>\n2016 S\u00f6dra V\u00e4rtan, Stockholm<br \/>\n<\/strong>Winning entry in parallel mission<br \/>\n<strong><br \/>\n<\/strong><\/p>\n<p><strong>2016 Triangeltomten, Stockholm<br \/>\n<\/strong>Winning entry in parallel mission<br \/>\n<strong><br \/>\n2015 Arkivet 3&amp;4, Lund<br \/>\n<\/strong>Winning entry in parallel mission<br \/>\n<strong><br \/>\n2015 Brunnsh\u00f6g C, Lund<br \/>\n<\/strong>Winning a land allocation competition, together with ICA Fastigheter.<\/p>\n<p><strong>2015 Helsingkrona Nation, Lund<br \/>\n<\/strong>Lund municipality's urban development award<br \/>\n<strong><br \/>\n2015 Helsingkrona Nation, Lund<br \/>\n<\/strong>Nominated for the Swedish Architects' housing award<strong><br \/>\n<\/strong><\/p>\n<p><strong>2015 Kunskaps &amp; Kulturcentrum, Falkenberg.<br \/>\n<\/strong>Winning entries in project competition<\/p>\n<p><strong>2015 National Archives, Lund<br \/>\n<\/strong>Nominated for the Sk\u00e5ne Architecture Prize<br \/>\n<strong><br \/>\n2015 Lund District Court<br \/>\n<\/strong>Winning entry in parallel mission<br \/>\n<strong><br \/>\n2015 New Hov\u00e5s, Gothenburg<br \/>\n<\/strong>Winning entries in project competition<br \/>\n<strong><br \/>\n2015 Town Hall Sk\u00e5ne, Kristianstad<br \/>\n<\/strong>Building of the Year<\/p>\n<p><strong>2015 Science Village Scandinavia, Lund<br \/>\n<\/strong>Winning a land allocation competition, together with Wihlborgs.<br \/>\n<strong><br \/>\n2015 Studenternas, Uppsala<br \/>\n<\/strong>Winning entry in parallel mission<br \/>\n<strong><br \/>\n2015 Sveav\u00e4gen 44, Stockholm<br \/>\n<\/strong>Nominated for the Siena Prize<br \/>\n<strong><br \/>\n2014 Kv. \u00c4ngsladan in Dalby, Lund<br \/>\n<\/strong>Winning entry in land allocation competition together with HSB<br \/>\n<strong><br \/>\n2014 MAX IV, Lund<br \/>\n<\/strong>Best Futura Project MIPIM Awards<br \/>\n<strong><br \/>\n2014 Mobilia, Malm\u00f6<br \/>\n<\/strong>City of Malm\u00f6 urban design award<br \/>\n<strong><br \/>\n2013 Bro Galopp, Upplands bro<br \/>\n<\/strong>Winning entry in parallel mission<br \/>\n<strong><br \/>\n2013 Nya Kirseberg, Malm\u00f6<br \/>\n<\/strong>Winning entry in parallel mission<br \/>\n<strong><br \/>\n2013 Pildammsparken, Malm\u00f6<br \/>\n<\/strong>Winning entry in parallel mission<br \/>\n<strong><br \/>\n2012 Hammars park, Malm\u00f6<br \/>\n<\/strong>City of Malm\u00f6 urban design award<br \/>\n<strong><br \/>\n2012 Kv. H\u00f6ken, Lund<br \/>\n<\/strong>Lund municipality's urban development award<br \/>\n<strong><br \/>\n2012 M\u00e4sterlotsen, Malm\u00f6<br \/>\n<\/strong>Winning entry, endorsed by the municipality<br \/>\n<strong><br \/>\n2012 Hammars park, Malm\u00f6<br \/>\n<\/strong>City of Malm\u00f6 urban design award<br \/>\n<strong><br \/>\n2012 Venterminalen, Landskrona<br \/>\n<\/strong>Nominated for Landskrona's urban development award<\/p>\n<p><strong>2011 Helgonag\u00e5rden, Lund<br \/>\n<\/strong>Winning entry in parallel mission<br \/>\n<strong><br \/>\n2011 Kv. Betan, Nybro G\u00e5rd \u00c4ngelholm<br \/>\n<\/strong>Winning proposal in local plan competition<br \/>\n<strong><br \/>\n2011 Kv. Spettet, Lund<br \/>\n<\/strong>Lund municipality's urban development award<br \/>\n<strong><br \/>\n2011 Sauer Danforss, \u00c4lmhult<br \/>\n<\/strong>\u00c4lmhult municipal building award<br \/>\n<strong><br \/>\n2011 Vellinge meadows<br \/>\n<\/strong>Winning entry, endorsed by the municipality<br \/>\n<strong><br \/>\n2010 Flickskolan, Kristianstad<br \/>\n<\/strong>Continued mission after parallel missions<br \/>\n<strong><br \/>\n2010 Kv. Sofiero, H\u00f6rby<br \/>\n<\/strong>Continued mission after parallel missions<br \/>\n<strong><br \/>\n2010 Venterminalen, Landskrona<br \/>\n<\/strong>Continued mission after parallel missions<br \/>\n<strong><br \/>\n2010 Lerum D\u00e9rive, Lerum<br \/>\n<\/strong>Winning entry Europan<br \/>\n<strong><br \/>\n2009 Swedbank stadium, Malm\u00f6<br \/>\n<\/strong>The Steel Construction Prize, Steel Construction Institute<br \/>\n<strong><br \/>\n2009 Ecology House, Lund<br \/>\n<\/strong>Nominated for Solar Plant of the Year, Sk\u00e5ne Solar Award<br \/>\n<strong><br \/>\n2008 Ecology House, Lund<br \/>\n<\/strong>Solar plant of the year, SolEl program<br \/>\n<strong><br \/>\n2008 MAX IV, Lund<br \/>\n<\/strong>Winning entries parallel mission<br \/>\n<strong><br \/>\n2008 Opus II, Ljunghusen<br \/>\n<\/strong>Vellinge municipality's cityscape award<br \/>\n<strong><br \/>\n2008 Triangle, Helsingborg<br \/>\n<\/strong>Winning entries parallel mission<br \/>\n<strong><br \/>\n2008 Drag\u00f6rkajen, Malm\u00f6<br \/>\n<\/strong>Winning entries parallel mission<\/p>","protected":false},"excerpt":{"rendered":"<p>2025 Filmhuset Kino Lunds stadsbyggnadspris 2025 Brf Mariatorget Helsingborgs stadsbyggnadspris 2025 Vyn \u2013 hotell, restaurang och matbar Simrishamns arkitekturpris 2025 Modellen 4 \u00c5rets Bygge kategori Bostad 2024 G\u00f6ta hovr\u00e4tt och Kammarr\u00e4tten J\u00f6nk\u00f6pings stadsbyggnadspris samt priset f\u00f6r God Arkitektur 2024 M\u00f6rrums skola Karlshamns stadsbyggnadspris 2024 Kv 8 Nobelberget Nacka kommuns stadsbyggnadsutm\u00e4rkelse 2024 Hyllie\u00e4ng, Malm\u00f6 Finalist till [&hellip;]<\/p>\n","protected":false},"author":13,"featured_media":0,"parent":230,"menu_order":0,"comment_status":"closed","ping_status":"closed","template":"","meta":{"_monsterinsights_skip_tracking":false,"_monsterinsights_sitenote_active":false,"_monsterinsights_sitenote_note":"","_monsterinsights_sitenote_category":0,"footnotes":""},"class_list":["post-5645","page","type-page","status-publish","hentry"],"acf":[],"yoast_head":"<!-- This site is optimized with the Yoast SEO plugin v27.5 - https:\/\/yoast.com\/product\/yoast-seo-wordpress\/ -->\n<title>Utm\u00e4rkelser och t\u00e4vlingsvinster | FOJAB<\/title>\n<meta name=\"robots\" content=\"index, follow, max-snippet:-1, max-image-preview:large, max-video-preview:-1\" \/>\n<link rel=\"canonical\" href=\"https:\/\/fojab.se\/en\/about-us2\/selected-exceptions\/\" \/>\n<meta property=\"og:locale\" content=\"en_US\" \/>\n<meta property=\"og:type\" content=\"article\" \/>\n<meta property=\"og:title\" content=\"Utm\u00e4rkelser och t\u00e4vlingsvinster | FOJAB\" \/>\n<meta property=\"og:description\" content=\"2025 Filmhuset Kino Lunds stadsbyggnadspris 2025 Brf Mariatorget Helsingborgs stadsbyggnadspris 2025 Vyn \u2013 hotell, restaurang och matbar Simrishamns arkitekturpris 2025 Modellen 4 \u00c5rets Bygge kategori Bostad 2024 G\u00f6ta hovr\u00e4tt och Kammarr\u00e4tten J\u00f6nk\u00f6pings stadsbyggnadspris samt priset f\u00f6r God Arkitektur 2024 M\u00f6rrums skola Karlshamns stadsbyggnadspris 2024 Kv 8 Nobelberget Nacka kommuns stadsbyggnadsutm\u00e4rkelse 2024 Hyllie\u00e4ng, Malm\u00f6 Finalist till [&hellip;]\" \/>\n<meta property=\"og:url\" content=\"https:\/\/fojab.se\/en\/about-us2\/selected-exceptions\/\" \/>\n<meta property=\"og:site_name\" content=\"FOJAB\" \/>\n<meta property=\"article:modified_time\" content=\"2026-03-03T10:06:25+00:00\" \/>\n<meta name=\"twitter:card\" content=\"summary_large_image\" \/>\n<meta name=\"twitter:label1\" content=\"Est. reading time\" \/>\n\t<meta name=\"twitter:data1\" content=\"4 minutes\" \/>\n<script type=\"application\/ld+json\" class=\"yoast-schema-graph\">{\"@context\":\"https:\\\/\\\/schema.org\",\"@graph\":[{\"@type\":\"WebPage\",\"@id\":\"https:\\\/\\\/fojab.se\\\/om-oss2\\\/utmarkelser-i-urval\\\/\",\"url\":\"https:\\\/\\\/fojab.se\\\/om-oss2\\\/utmarkelser-i-urval\\\/\",\"name\":\"Utm\u00e4rkelser och t\u00e4vlingsvinster | FOJAB\",\"isPartOf\":{\"@id\":\"https:\\\/\\\/fojab.se\\\/#website\"},\"datePublished\":\"2020-09-18T09:30:27+00:00\",\"dateModified\":\"2026-03-03T10:06:25+00:00\",\"breadcrumb\":{\"@id\":\"https:\\\/\\\/fojab.se\\\/om-oss2\\\/utmarkelser-i-urval\\\/#breadcrumb\"},\"inLanguage\":\"en-US\",\"potentialAction\":[{\"@type\":\"ReadAction\",\"target\":[\"https:\\\/\\\/fojab.se\\\/om-oss2\\\/utmarkelser-i-urval\\\/\"]}]},{\"@type\":\"BreadcrumbList\",\"@id\":\"https:\\\/\\\/fojab.se\\\/om-oss2\\\/utmarkelser-i-urval\\\/#breadcrumb\",\"itemListElement\":[{\"@type\":\"ListItem\",\"position\":1,\"name\":\"Hem\",\"item\":\"https:\\\/\\\/fojab.se\\\/\"},{\"@type\":\"ListItem\",\"position\":2,\"name\":\"Om oss\",\"item\":\"https:\\\/\\\/fojab.se\\\/om-oss2\\\/\"},{\"@type\":\"ListItem\",\"position\":3,\"name\":\"Utm\u00e4rkelser och t\u00e4vlingsvinster\"}]},{\"@type\":\"WebSite\",\"@id\":\"https:\\\/\\\/fojab.se\\\/#website\",\"url\":\"https:\\\/\\\/fojab.se\\\/\",\"name\":\"FOJAB\",\"description\":\"\",\"potentialAction\":[{\"@type\":\"SearchAction\",\"target\":{\"@type\":\"EntryPoint\",\"urlTemplate\":\"https:\\\/\\\/fojab.se\\\/?s={search_term_string}\"},\"query-input\":{\"@type\":\"PropertyValueSpecification\",\"valueRequired\":true,\"valueName\":\"search_term_string\"}}],\"inLanguage\":\"en-US\"}]}<\/script>\n<!-- \/ Yoast SEO plugin. -->","yoast_head_json":{"title":"Awards and competition wins | FOJAB","robots":{"index":"index","follow":"follow","max-snippet":"max-snippet:-1","max-image-preview":"max-image-preview:large","max-video-preview":"max-video-preview:-1"},"canonical":"https:\/\/fojab.se\/en\/about-us2\/selected-exceptions\/","og_locale":"en_US","og_type":"article","og_title":"Utm\u00e4rkelser och t\u00e4vlingsvinster | FOJAB","og_description":"2025 Filmhuset Kino Lunds stadsbyggnadspris 2025 Brf Mariatorget Helsingborgs stadsbyggnadspris 2025 Vyn \u2013 hotell, restaurang och matbar Simrishamns arkitekturpris 2025 Modellen 4 \u00c5rets Bygge kategori Bostad 2024 G\u00f6ta hovr\u00e4tt och Kammarr\u00e4tten J\u00f6nk\u00f6pings stadsbyggnadspris samt priset f\u00f6r God Arkitektur 2024 M\u00f6rrums skola Karlshamns stadsbyggnadspris 2024 Kv 8 Nobelberget Nacka kommuns stadsbyggnadsutm\u00e4rkelse 2024 Hyllie\u00e4ng, Malm\u00f6 Finalist till [&hellip;]","og_url":"https:\/\/fojab.se\/en\/about-us2\/selected-exceptions\/","og_site_name":"FOJAB","article_modified_time":"2026-03-03T10:06:25+00:00","twitter_card":"summary_large_image","twitter_misc":{"Est. reading time":"4 minutes"},"schema":{"@context":"https:\/\/schema.org","@graph":[{"@type":"WebPage","@id":"https:\/\/fojab.se\/om-oss2\/utmarkelser-i-urval\/","url":"https:\/\/fojab.se\/om-oss2\/utmarkelser-i-urval\/","name":"Awards and competition wins | FOJAB","isPartOf":{"@id":"https:\/\/fojab.se\/#website"},"datePublished":"2020-09-18T09:30:27+00:00","dateModified":"2026-03-03T10:06:25+00:00","breadcrumb":{"@id":"https:\/\/fojab.se\/om-oss2\/utmarkelser-i-urval\/#breadcrumb"},"inLanguage":"en-US","potentialAction":[{"@type":"ReadAction","target":["https:\/\/fojab.se\/om-oss2\/utmarkelser-i-urval\/"]}]},{"@type":"BreadcrumbList","@id":"https:\/\/fojab.se\/om-oss2\/utmarkelser-i-urval\/#breadcrumb","itemListElement":[{"@type":"ListItem","position":1,"name":"Hem","item":"https:\/\/fojab.se\/"},{"@type":"ListItem","position":2,"name":"Om oss","item":"https:\/\/fojab.se\/om-oss2\/"},{"@type":"ListItem","position":3,"name":"Utm\u00e4rkelser och t\u00e4vlingsvinster"}]},{"@type":"WebSite","@id":"https:\/\/fojab.se\/#website","url":"https:\/\/fojab.se\/","name":"FOJAB","description":"","potentialAction":[{"@type":"SearchAction","target":{"@type":"EntryPoint","urlTemplate":"https:\/\/fojab.se\/?s={search_term_string}"},"query-input":{"@type":"PropertyValueSpecification","valueRequired":true,"valueName":"search_term_string"}}],"inLanguage":"en-US"}]}},"_links":{"self":[{"href":"https:\/\/fojab.se\/en\/wp-json\/wp\/v2\/pages\/5645","targetHints":{"allow":["GET"]}}],"collection":[{"href":"https:\/\/fojab.se\/en\/wp-json\/wp\/v2\/pages"}],"about":[{"href":"https:\/\/fojab.se\/en\/wp-json\/wp\/v2\/types\/page"}],"author":[{"embeddable":true,"href":"https:\/\/fojab.se\/en\/wp-json\/wp\/v2\/users\/13"}],"replies":[{"embeddable":true,"href":"https:\/\/fojab.se\/en\/wp-json\/wp\/v2\/comments?post=5645"}],"version-history":[{"count":30,"href":"https:\/\/fojab.se\/en\/wp-json\/wp\/v2\/pages\/5645\/revisions"}],"predecessor-version":[{"id":15867,"href":"https:\/\/fojab.se\/en\/wp-json\/wp\/v2\/pages\/5645\/revisions\/15867"}],"up":[{"embeddable":true,"href":"https:\/\/fojab.se\/en\/wp-json\/wp\/v2\/pages\/230"}],"wp:attachment":[{"href":"https:\/\/fojab.se\/en\/wp-json\/wp\/v2\/media?parent=5645"}],"curies":[{"name":"wp","href":"https:\/\/api.w.org\/{rel}","templated":true}]}}