{"id":230,"date":"2018-12-04T23:17:15","date_gmt":"2018-12-04T22:17:15","guid":{"rendered":"http:\/\/localhost:8888\/fojab\/?page_id=230"},"modified":"2023-11-29T14:31:04","modified_gmt":"2023-11-29T13:31:04","slug":"about-us2","status":"publish","type":"page","link":"https:\/\/fojab.se\/en\/about-us2\/","title":{"rendered":"About us"},"content":{"rendered":"<p>We are not an ordinary architectural office. For us, architecture is not about the building. Or the interior. Or even the surroundings.<\/p>\n<p>For us, architecture is an opportunity for change. Where others see a plot of land, we see an opportunity to create a great place. For the benefit of both current and future generations.<\/p>\n<p>We see form and content as one unit.<br \/>\nAnd we know that all design must be based on people and their needs. For us, it is an open mind, trust and human relationships that create the conditions for real development.<\/p>\n<p>Our goal is as simple as it is difficult. To create sustainable architecture that everyone can feel proud of. Architecture for a better world.<\/p>\n<p>Freedom of thought. Joy in the process. Strength in cooperation. Pride in the result. That's what we promise.<\/p>\n<p>We are FOJAB.<\/p>","protected":false},"excerpt":{"rendered":"<p>Vi \u00e4r inget vanligt arkitektkontor. F\u00f6r oss handlar arkitektur inte om byggnaden. Eller inredningen. Eller ens om omgivningen. F\u00f6r oss \u00e4r arkitektur en m\u00f6jlighet till f\u00f6r\u00ad\u00e4ndring. D\u00e4r andra ser en tomt, ser vi ett till\u00adf\u00e4lle att skapa en fantastisk plats. Till gl\u00e4dje f\u00f6r b\u00e5de dagens och framtidens generationer. Vi ser form och inneh\u00e5ll som en [&hellip;]<\/p>\n","protected":false},"author":2,"featured_media":11250,"parent":0,"menu_order":23,"comment_status":"closed","ping_status":"closed","template":"omoss.php","meta":{"_monsterinsights_skip_tracking":false,"_monsterinsights_sitenote_active":false,"_monsterinsights_sitenote_note":"","_monsterinsights_sitenote_category":0,"footnotes":""},"class_list":["post-230","page","type-page","status-publish","has-post-thumbnail","hentry"],"acf":[],"yoast_head":"<!-- This site is optimized with the Yoast SEO plugin v27.5 - https:\/\/yoast.com\/product\/yoast-seo-wordpress\/ -->\n<title>Om oss | FOJAB<\/title>\n<meta name=\"robots\" content=\"index, follow, max-snippet:-1, max-image-preview:large, max-video-preview:-1\" \/>\n<link rel=\"canonical\" href=\"https:\/\/fojab.se\/en\/about-us2\/\" \/>\n<meta property=\"og:locale\" content=\"en_US\" \/>\n<meta property=\"og:type\" content=\"article\" \/>\n<meta property=\"og:title\" content=\"Om oss | FOJAB\" \/>\n<meta property=\"og:description\" content=\"Vi \u00e4r inget vanligt arkitektkontor. F\u00f6r oss handlar arkitektur inte om byggnaden. Eller inredningen. Eller ens om omgivningen. F\u00f6r oss \u00e4r arkitektur en m\u00f6jlighet till f\u00f6r\u00ad\u00e4ndring. D\u00e4r andra ser en tomt, ser vi ett till\u00adf\u00e4lle att skapa en fantastisk plats. Till gl\u00e4dje f\u00f6r b\u00e5de dagens och framtidens generationer. Vi ser form och inneh\u00e5ll som en [&hellip;]\" \/>\n<meta property=\"og:url\" content=\"https:\/\/fojab.se\/en\/about-us2\/\" \/>\n<meta property=\"og:site_name\" content=\"FOJAB\" \/>\n<meta property=\"article:modified_time\" content=\"2023-11-29T13:31:04+00:00\" \/>\n<meta property=\"og:image\" content=\"https:\/\/media1.fojab.se\/2023\/06\/fojabgruppfoto2023.jpg\" \/>\n\t<meta property=\"og:image:width\" content=\"2000\" \/>\n\t<meta property=\"og:image:height\" content=\"1160\" \/>\n\t<meta property=\"og:image:type\" content=\"image\/jpeg\" \/>\n<meta name=\"twitter:card\" content=\"summary_large_image\" \/>\n<meta name=\"twitter:label1\" content=\"Est. reading time\" \/>\n\t<meta name=\"twitter:data1\" content=\"1 minute\" \/>\n<script type=\"application\/ld+json\" class=\"yoast-schema-graph\">{\"@context\":\"https:\\\/\\\/schema.org\",\"@graph\":[{\"@type\":\"WebPage\",\"@id\":\"https:\\\/\\\/fojab.se\\\/om-oss2\\\/\",\"url\":\"https:\\\/\\\/fojab.se\\\/om-oss2\\\/\",\"name\":\"Om oss | FOJAB\",\"isPartOf\":{\"@id\":\"https:\\\/\\\/fojab.se\\\/#website\"},\"primaryImageOfPage\":{\"@id\":\"https:\\\/\\\/fojab.se\\\/om-oss2\\\/#primaryimage\"},\"image\":{\"@id\":\"https:\\\/\\\/fojab.se\\\/om-oss2\\\/#primaryimage\"},\"thumbnailUrl\":\"https:\\\/\\\/media1.fojab.se\\\/2023\\\/06\\\/fojabgruppfoto2023.jpg\",\"datePublished\":\"2018-12-04T22:17:15+00:00\",\"dateModified\":\"2023-11-29T13:31:04+00:00\",\"breadcrumb\":{\"@id\":\"https:\\\/\\\/fojab.se\\\/om-oss2\\\/#breadcrumb\"},\"inLanguage\":\"en-US\",\"potentialAction\":[{\"@type\":\"ReadAction\",\"target\":[\"https:\\\/\\\/fojab.se\\\/om-oss2\\\/\"]}]},{\"@type\":\"ImageObject\",\"inLanguage\":\"en-US\",\"@id\":\"https:\\\/\\\/fojab.se\\\/om-oss2\\\/#primaryimage\",\"url\":\"https:\\\/\\\/media1.fojab.se\\\/2023\\\/06\\\/fojabgruppfoto2023.jpg\",\"contentUrl\":\"https:\\\/\\\/media1.fojab.se\\\/2023\\\/06\\\/fojabgruppfoto2023.jpg\",\"width\":2000,\"height\":1160},{\"@type\":\"BreadcrumbList\",\"@id\":\"https:\\\/\\\/fojab.se\\\/om-oss2\\\/#breadcrumb\",\"itemListElement\":[{\"@type\":\"ListItem\",\"position\":1,\"name\":\"Hem\",\"item\":\"https:\\\/\\\/fojab.se\\\/\"},{\"@type\":\"ListItem\",\"position\":2,\"name\":\"Om oss\"}]},{\"@type\":\"WebSite\",\"@id\":\"https:\\\/\\\/fojab.se\\\/#website\",\"url\":\"https:\\\/\\\/fojab.se\\\/\",\"name\":\"FOJAB\",\"description\":\"\",\"potentialAction\":[{\"@type\":\"SearchAction\",\"target\":{\"@type\":\"EntryPoint\",\"urlTemplate\":\"https:\\\/\\\/fojab.se\\\/?s={search_term_string}\"},\"query-input\":{\"@type\":\"PropertyValueSpecification\",\"valueRequired\":true,\"valueName\":\"search_term_string\"}}],\"inLanguage\":\"en-US\"}]}<\/script>\n<!-- \/ Yoast SEO plugin. -->","yoast_head_json":{"title":"About us | FOJAB","robots":{"index":"index","follow":"follow","max-snippet":"max-snippet:-1","max-image-preview":"max-image-preview:large","max-video-preview":"max-video-preview:-1"},"canonical":"https:\/\/fojab.se\/en\/about-us2\/","og_locale":"en_US","og_type":"article","og_title":"Om oss | FOJAB","og_description":"Vi \u00e4r inget vanligt arkitektkontor. F\u00f6r oss handlar arkitektur inte om byggnaden. Eller inredningen. Eller ens om omgivningen. F\u00f6r oss \u00e4r arkitektur en m\u00f6jlighet till f\u00f6r\u00ad\u00e4ndring. D\u00e4r andra ser en tomt, ser vi ett till\u00adf\u00e4lle att skapa en fantastisk plats. Till gl\u00e4dje f\u00f6r b\u00e5de dagens och framtidens generationer. Vi ser form och inneh\u00e5ll som en [&hellip;]","og_url":"https:\/\/fojab.se\/en\/about-us2\/","og_site_name":"FOJAB","article_modified_time":"2023-11-29T13:31:04+00:00","og_image":[{"width":2000,"height":1160,"url":"https:\/\/media1.fojab.se\/2023\/06\/fojabgruppfoto2023.jpg","type":"image\/jpeg"}],"twitter_card":"summary_large_image","twitter_misc":{"Est. reading time":"1 minute"},"schema":{"@context":"https:\/\/schema.org","@graph":[{"@type":"WebPage","@id":"https:\/\/fojab.se\/om-oss2\/","url":"https:\/\/fojab.se\/om-oss2\/","name":"About us | FOJAB","isPartOf":{"@id":"https:\/\/fojab.se\/#website"},"primaryImageOfPage":{"@id":"https:\/\/fojab.se\/om-oss2\/#primaryimage"},"image":{"@id":"https:\/\/fojab.se\/om-oss2\/#primaryimage"},"thumbnailUrl":"https:\/\/media1.fojab.se\/2023\/06\/fojabgruppfoto2023.jpg","datePublished":"2018-12-04T22:17:15+00:00","dateModified":"2023-11-29T13:31:04+00:00","breadcrumb":{"@id":"https:\/\/fojab.se\/om-oss2\/#breadcrumb"},"inLanguage":"en-US","potentialAction":[{"@type":"ReadAction","target":["https:\/\/fojab.se\/om-oss2\/"]}]},{"@type":"ImageObject","inLanguage":"en-US","@id":"https:\/\/fojab.se\/om-oss2\/#primaryimage","url":"https:\/\/media1.fojab.se\/2023\/06\/fojabgruppfoto2023.jpg","contentUrl":"https:\/\/media1.fojab.se\/2023\/06\/fojabgruppfoto2023.jpg","width":2000,"height":1160},{"@type":"BreadcrumbList","@id":"https:\/\/fojab.se\/om-oss2\/#breadcrumb","itemListElement":[{"@type":"ListItem","position":1,"name":"Hem","item":"https:\/\/fojab.se\/"},{"@type":"ListItem","position":2,"name":"Om oss"}]},{"@type":"WebSite","@id":"https:\/\/fojab.se\/#website","url":"https:\/\/fojab.se\/","name":"FOJAB","description":"","potentialAction":[{"@type":"SearchAction","target":{"@type":"EntryPoint","urlTemplate":"https:\/\/fojab.se\/?s={search_term_string}"},"query-input":{"@type":"PropertyValueSpecification","valueRequired":true,"valueName":"search_term_string"}}],"inLanguage":"en-US"}]}},"_links":{"self":[{"href":"https:\/\/fojab.se\/en\/wp-json\/wp\/v2\/pages\/230","targetHints":{"allow":["GET"]}}],"collection":[{"href":"https:\/\/fojab.se\/en\/wp-json\/wp\/v2\/pages"}],"about":[{"href":"https:\/\/fojab.se\/en\/wp-json\/wp\/v2\/types\/page"}],"author":[{"embeddable":true,"href":"https:\/\/fojab.se\/en\/wp-json\/wp\/v2\/users\/2"}],"replies":[{"embeddable":true,"href":"https:\/\/fojab.se\/en\/wp-json\/wp\/v2\/comments?post=230"}],"version-history":[{"count":1,"href":"https:\/\/fojab.se\/en\/wp-json\/wp\/v2\/pages\/230\/revisions"}],"predecessor-version":[{"id":798,"href":"https:\/\/fojab.se\/en\/wp-json\/wp\/v2\/pages\/230\/revisions\/798"}],"wp:featuredmedia":[{"embeddable":true,"href":"https:\/\/fojab.se\/en\/wp-json\/wp\/v2\/media\/11250"}],"wp:attachment":[{"href":"https:\/\/fojab.se\/en\/wp-json\/wp\/v2\/media?parent=230"}],"curies":[{"name":"wp","href":"https:\/\/api.w.org\/{rel}","templated":true}]}}